{"id":408,"date":"2018-11-15T09:14:23","date_gmt":"2018-11-15T09:14:23","guid":{"rendered":"https:\/\/demo.everestthemes.com\/everestnews\/demo\/everest-news-pro-i\/?page_id=408"},"modified":"2024-05-08T08:55:50","modified_gmt":"2024-05-08T11:55:50","slug":"sobre-nos","status":"publish","type":"page","link":"https:\/\/observatorioleopoldina.com.br\/home\/sobre-nos\/","title":{"rendered":"Sobre n\u00f3s"},"content":{"rendered":"\n<p>O Observat\u00f3rio Leopoldina, criado em 17 de abril de 2015, na plataforma Facebook, \u00e9 um espa\u00e7o virtual colaborativo focado no desenvolvimento socioecon\u00f4mico sustent\u00e1vel de um Distrito em plena transforma\u00e7\u00e3o: a Vila Leopoldina.<\/p>\n\n\n<div class=\"wp-block-image\">\n<figure class=\"aligncenter size-full\"><img decoding=\"async\" width=\"434\" height=\"126\" data-src=\"https:\/\/mundimagem.com\/observatorioleopoldina\/wp-content\/uploads\/2024\/02\/cropped-cropped-logo-ol-e1708990009427.jpg\" alt=\"\" class=\"wp-image-807 lazyload\" data-srcset=\"https:\/\/observatorioleopoldina.com.br\/home\/wp-content\/uploads\/2024\/02\/cropped-cropped-logo-ol-e1708990009427.jpg 434w, https:\/\/observatorioleopoldina.com.br\/home\/wp-content\/uploads\/2024\/02\/cropped-cropped-logo-ol-e1708990009427-300x87.jpg 300w\" data-sizes=\"(max-width: 434px) 100vw, 434px\" src=\"data:image\/gif;base64,R0lGODlhAQABAAAAACH5BAEKAAEALAAAAAABAAEAAAICTAEAOw==\" style=\"--smush-placeholder-width: 434px; --smush-placeholder-aspect-ratio: 434\/126;\" \/><\/figure>\n<\/div>\n\n\n<p>Este Observat\u00f3rio se prop\u00f5e a debater o presente e o futuro desta regi\u00e3o da cidade onde moram mais de 40 mil pessoas.<\/p>\n\n\n\n<p>Entendemos que as redes sociais do ciberespa\u00e7o se apresentam como importantes e poderosas ferramentas que, se utilizadas com intelig\u00eancia, \u00e9tica e responsabilidade, s\u00e3o capazes de promover o di\u00e1logo, compartilhar experi\u00eancias, disseminar conhecimento contribuindo para a constru\u00e7\u00e3o de uma sociedade centrada na cultura da paz, respeito \u00e0s diferen\u00e7as e promotora da inclus\u00e3o e justi\u00e7a social, preceito este expl\u00edcito na Constitui\u00e7\u00e3o Federal, a Constitui\u00e7\u00e3o Cidad\u00e3 de 1988.<\/p>\n\n\n\n<p>Com a difus\u00e3o do notici\u00e1rio do bairro e vizinhan\u00e7a; com a propositura e organiza\u00e7\u00e3o de eventos e atividades; com a proposta de evidenciar fala e a\u00e7\u00f5es dos personagens que, de fato, fazem acontecer na Leopoldina; ou que ainda anseiam por serem ouvidos, esperamos que nosso trabalho de an\u00e1lise da realidade concreta dos fatos propicie uma din\u00e2mica propositiva, conduza \u00e0 apresenta\u00e7\u00e3o de ideias e projetos que possam mudar para melhor essa regi\u00e3o onde moramos e\/ou trabalhamos<\/p>\n\n\n\n<p>Agora \u00e9 hora. Vamos navegar e construir juntos.<\/p>\n","protected":false},"excerpt":{"rendered":"<p>O Observat\u00f3rio Leopoldina, criado em 17 de abril de 2015, na plataforma Facebook, \u00e9 um<\/p>\n","protected":false},"author":1,"featured_media":0,"parent":0,"menu_order":0,"comment_status":"closed","ping_status":"closed","template":"","meta":{"footnotes":""},"class_list":["post-408","page","type-page","status-publish","hentry"],"aioseo_notices":[],"_links":{"self":[{"href":"https:\/\/observatorioleopoldina.com.br\/home\/wp-json\/wp\/v2\/pages\/408","targetHints":{"allow":["GET"]}}],"collection":[{"href":"https:\/\/observatorioleopoldina.com.br\/home\/wp-json\/wp\/v2\/pages"}],"about":[{"href":"https:\/\/observatorioleopoldina.com.br\/home\/wp-json\/wp\/v2\/types\/page"}],"author":[{"embeddable":true,"href":"https:\/\/observatorioleopoldina.com.br\/home\/wp-json\/wp\/v2\/users\/1"}],"replies":[{"embeddable":true,"href":"https:\/\/observatorioleopoldina.com.br\/home\/wp-json\/wp\/v2\/comments?post=408"}],"version-history":[{"count":2,"href":"https:\/\/observatorioleopoldina.com.br\/home\/wp-json\/wp\/v2\/pages\/408\/revisions"}],"predecessor-version":[{"id":1010,"href":"https:\/\/observatorioleopoldina.com.br\/home\/wp-json\/wp\/v2\/pages\/408\/revisions\/1010"}],"wp:attachment":[{"href":"https:\/\/observatorioleopoldina.com.br\/home\/wp-json\/wp\/v2\/media?parent=408"}],"curies":[{"name":"wp","href":"https:\/\/api.w.org\/{rel}","templated":true}]}}