{"id":1891,"date":"2024-05-20T19:04:21","date_gmt":"2024-05-20T22:04:21","guid":{"rendered":"https:\/\/observatorioleopoldina.com.br\/home\/?page_id=1891"},"modified":"2024-05-20T19:34:32","modified_gmt":"2024-05-20T22:34:32","slug":"faca-parte","status":"publish","type":"page","link":"https:\/\/observatorioleopoldina.com.br\/home\/faca-parte\/","title":{"rendered":"Fa\u00e7a parte"},"content":{"rendered":"<div class=\"wp-block-image\">\n<figure class=\"aligncenter size-full is-resized\"><img decoding=\"async\" width=\"680\" height=\"247\" data-src=\"http:\/\/observatorioleopoldina.com.br\/home\/wp-content\/uploads\/2024\/02\/logo-ol-transparente-2.gif\" alt=\"\" class=\"wp-image-1011 lazyload\" style=\"--smush-placeholder-width: 680px; --smush-placeholder-aspect-ratio: 680\/247;width:432px;height:auto\" src=\"data:image\/gif;base64,R0lGODlhAQABAAAAACH5BAEKAAEALAAAAAABAAEAAAICTAEAOw==\" \/><\/figure>\n<\/div>\n\n\n<p>Vim te contar que chegou o novo Observat\u00f3rio Leopoldina! Agora, enfim, somos um Portal que re\u00fane tamb\u00e9m o Bazar Leopoldina e a melhor cobertura jornal\u00edstica da regi\u00e3o e o nosso conte\u00fado que voc\u00ea j\u00e1 conhece das redes sociais.<\/p>\n\n\n\n<p>Nessa nova fase escolhemos convidar nossos amigos, vizinhos e parceiros mais frequentes para construir no POL (Portal Observat\u00f3rio Leopoldina) o esp\u00edrito do bairro!<\/p>\n\n\n\n<p>Para voc\u00ea estar conosco \u00e9 preciso preencher esse cadastro para inserirmos voc\u00ea e seu neg\u00f3cio da melhor forma no guia do site. Isso feito, gostar\u00edamos que voc\u00ea circulasse pelo Portal para nos trazer de volta sua opini\u00e3o.<\/p>\n\n\n\n<p>Como nos conhecemos h\u00e1 algum tempo, pe\u00e7o que tenha um tempo para compartilhar esse momento conosco.<\/p>\n\n\n\n<div class=\"wpcf7 no-js\" id=\"wpcf7-f1890-o1\" lang=\"pt-BR\" dir=\"ltr\" data-wpcf7-id=\"1890\">\n<div class=\"screen-reader-response\"><p role=\"status\" aria-live=\"polite\" aria-atomic=\"true\"><\/p> <ul><\/ul><\/div>\n<form action=\"\/home\/wp-json\/wp\/v2\/pages\/1891#wpcf7-f1890-o1\" method=\"post\" class=\"wpcf7-form init\" aria-label=\"Formul\u00e1rios de contato\" enctype=\"multipart\/form-data\" novalidate=\"novalidate\" data-status=\"init\">\n<fieldset class=\"hidden-fields-container\"><input type=\"hidden\" name=\"_wpcf7\" value=\"1890\" \/><input type=\"hidden\" name=\"_wpcf7_version\" value=\"6.1.5\" \/><input type=\"hidden\" name=\"_wpcf7_locale\" value=\"pt_BR\" \/><input type=\"hidden\" name=\"_wpcf7_unit_tag\" value=\"wpcf7-f1890-o1\" \/><input type=\"hidden\" name=\"_wpcf7_container_post\" value=\"0\" \/><input type=\"hidden\" name=\"_wpcf7_posted_data_hash\" value=\"\" \/>\n<\/fieldset>\n<p><label> Seu nome:<br \/>\n<span class=\"wpcf7-form-control-wrap\" data-name=\"your-name\"><input size=\"40\" maxlength=\"400\" class=\"wpcf7-form-control wpcf7-text wpcf7-validates-as-required\" autocomplete=\"name\" aria-required=\"true\" aria-invalid=\"false\" value=\"\" type=\"text\" name=\"your-name\" \/><\/span> <\/label>\n<\/p>\n<p><label> Seu e-mail:<br \/>\n<span class=\"wpcf7-form-control-wrap\" data-name=\"your-email\"><input size=\"40\" maxlength=\"400\" class=\"wpcf7-form-control wpcf7-email wpcf7-validates-as-required wpcf7-text wpcf7-validates-as-email\" autocomplete=\"email\" aria-required=\"true\" aria-invalid=\"false\" value=\"\" type=\"email\" name=\"your-email\" \/><\/span> <\/label>\n<\/p>\n<p><label> Nome comercial:<br \/>\n<span class=\"wpcf7-form-control-wrap\" data-name=\"your-subject\"><input size=\"40\" maxlength=\"400\" class=\"wpcf7-form-control wpcf7-text wpcf7-validates-as-required\" aria-required=\"true\" aria-invalid=\"false\" value=\"\" type=\"text\" name=\"your-subject\" \/><\/span> <\/label>\n<\/p>\n<p><label> Breve descri\u00e7\u00e3o:<br \/>\n<span class=\"wpcf7-form-control-wrap\" data-name=\"your-message\"><textarea cols=\"40\" rows=\"10\" maxlength=\"2000\" class=\"wpcf7-form-control wpcf7-textarea\" aria-invalid=\"false\" name=\"your-message\"><\/textarea><\/span> <\/label>\n<\/p>\n<p><label> Endere\u00e7o:<br \/>\n<span class=\"wpcf7-form-control-wrap\" data-name=\"textarea-651\"><textarea cols=\"40\" rows=\"10\" maxlength=\"2000\" class=\"wpcf7-form-control wpcf7-textarea wpcf7-validates-as-required\" aria-required=\"true\" aria-invalid=\"false\" name=\"textarea-651\"><\/textarea><\/span> <\/label>\n<\/p>\n<p><label> Website:<br \/>\n<span class=\"wpcf7-form-control-wrap\" data-name=\"url-636\"><input size=\"40\" maxlength=\"400\" class=\"wpcf7-form-control wpcf7-url wpcf7-validates-as-required wpcf7-text wpcf7-validates-as-url\" aria-required=\"true\" aria-invalid=\"false\" value=\"\" type=\"url\" name=\"url-636\" \/><\/span> <\/label>\n<\/p>\n<p><label> Instagram:<br \/>\n<span class=\"wpcf7-form-control-wrap\" data-name=\"url-614\"><input size=\"40\" maxlength=\"400\" class=\"wpcf7-form-control wpcf7-url wpcf7-validates-as-required wpcf7-text wpcf7-validates-as-url\" aria-required=\"true\" aria-invalid=\"false\" value=\"\" type=\"url\" name=\"url-614\" \/><\/span> <\/label>\n<\/p>\n<p><label> Facebook<br \/>\n<span class=\"wpcf7-form-control-wrap\" data-name=\"url-615\"><input size=\"40\" maxlength=\"400\" class=\"wpcf7-form-control wpcf7-url wpcf7-validates-as-required wpcf7-text wpcf7-validates-as-url\" aria-required=\"true\" aria-invalid=\"false\" value=\"\" type=\"url\" name=\"url-615\" \/><\/span> <\/label>\n<\/p>\n<p><label> Telefone:<br \/>\n<span class=\"wpcf7-form-control-wrap\" data-name=\"tel-411\"><input size=\"40\" maxlength=\"400\" class=\"wpcf7-form-control wpcf7-tel wpcf7-validates-as-required wpcf7-text wpcf7-validates-as-tel\" aria-required=\"true\" aria-invalid=\"false\" value=\"\" type=\"tel\" name=\"tel-411\" \/><\/span> <\/label>\n<\/p>\n<p><label> Foto Principal:<br \/>\n<span class=\"wpcf7-form-control-wrap\" data-name=\"file-624\"><input size=\"40\" class=\"wpcf7-form-control wpcf7-file wpcf7-validates-as-required\" accept=\"audio\/*,video\/*,image\/*\" aria-required=\"true\" aria-invalid=\"false\" type=\"file\" name=\"file-624\" \/><\/span> <\/label>\n<\/p>\n<center>\n\t<p><input class=\"wpcf7-form-control wpcf7-submit has-spinner\" type=\"submit\" value=\"Enviar\" \/>\n\t<\/p>\n<\/center><div class=\"wpcf7-response-output\" aria-hidden=\"true\"><\/div>\n<\/form>\n<\/div>\n\n\n\n\n<bR><br><Br>\n","protected":false},"excerpt":{"rendered":"<p>Vim te contar que chegou o novo Observat\u00f3rio Leopoldina! Agora, enfim, somos um Portal que<\/p>\n","protected":false},"author":1,"featured_media":0,"parent":0,"menu_order":0,"comment_status":"closed","ping_status":"closed","template":"","meta":{"footnotes":""},"class_list":["post-1891","page","type-page","status-publish","hentry"],"aioseo_notices":[],"_links":{"self":[{"href":"https:\/\/observatorioleopoldina.com.br\/home\/wp-json\/wp\/v2\/pages\/1891","targetHints":{"allow":["GET"]}}],"collection":[{"href":"https:\/\/observatorioleopoldina.com.br\/home\/wp-json\/wp\/v2\/pages"}],"about":[{"href":"https:\/\/observatorioleopoldina.com.br\/home\/wp-json\/wp\/v2\/types\/page"}],"author":[{"embeddable":true,"href":"https:\/\/observatorioleopoldina.com.br\/home\/wp-json\/wp\/v2\/users\/1"}],"replies":[{"embeddable":true,"href":"https:\/\/observatorioleopoldina.com.br\/home\/wp-json\/wp\/v2\/comments?post=1891"}],"version-history":[{"count":6,"href":"https:\/\/observatorioleopoldina.com.br\/home\/wp-json\/wp\/v2\/pages\/1891\/revisions"}],"predecessor-version":[{"id":1902,"href":"https:\/\/observatorioleopoldina.com.br\/home\/wp-json\/wp\/v2\/pages\/1891\/revisions\/1902"}],"wp:attachment":[{"href":"https:\/\/observatorioleopoldina.com.br\/home\/wp-json\/wp\/v2\/media?parent=1891"}],"curies":[{"name":"wp","href":"https:\/\/api.w.org\/{rel}","templated":true}]}}