{"id":1823,"date":"2024-05-18T14:40:09","date_gmt":"2024-05-18T17:40:09","guid":{"rendered":"https:\/\/observatorioleopoldina.com.br\/home\/?page_id=1823"},"modified":"2024-05-18T15:04:59","modified_gmt":"2024-05-18T18:04:59","slug":"utilidade-publica","status":"publish","type":"page","link":"https:\/\/observatorioleopoldina.com.br\/home\/utilidade-publica\/","title":{"rendered":"Utilidade P\u00fablica"},"content":{"rendered":"\n<!DOCTYPE html>\n<html lang=\"pt-BR\">\n<head>\n    <meta charset=\"UTF-8\">\n    <meta name=\"viewport\" content=\"width=device-width, initial-scale=1.0\">\n    <title>Servi\u00e7os P\u00fablicos e Utilidades na Vila Leopoldina<\/title>\n    <style>\n        body {\n            font-family: Arial, sans-serif;\n            background-color: #f9f9f9;\n            margin: 0;\n            padding: 0;\n        }\n        .container {\n            max-width: 800px;\n            margin: 20px auto;\n            padding: 20px;\n            background-color: #fff;\n            border-radius: 8px;\n            box-shadow: 0 0 10px rgba(0, 0, 0, 0.1);\n        }\n        .item {\n            margin-bottom: 20px;\n        }\n        .item h3 {\n            margin: 0;\n            padding: 12px 20px;\n            background-color: #dd8604;\n            color: #fff;\n            border-radius: 4px;\n            cursor: pointer;\n            font-size: 16px;\n            transition: background-color 0.3s ease;\n        }\n        .item h3:hover {\n            background-color: #0056b3;\n        }\n        .item-content {\n            display: none;\n            padding: 10px 20px;\n            border: 1px solid #ccc;\n            border-radius: 4px;\n            background-color: #f5f5f5;\n            font-size: 16px;\n            line-height: 1.6;\n        }\n    <\/style>\n<\/head>\n<body>\n    <div class=\"container\">\n        <div class=\"item\">\n            <h3 onclick=\"toggle('caps')\">Centro de Aten\u00e7\u00e3o Psicossocial (CAPS) \u00c1lcool e Drogas III<\/h3>\n            <div id=\"caps\" class=\"item-content\">\n                <p><strong>Endere\u00e7o:<\/strong> Rua Girassol, 160<\/p>\n                <p><strong>Telefone:<\/strong> (11) 3834-0964<\/p>\n            <\/div>\n        <\/div>\n        <div class=\"item\">\n            <h3 onclick=\"toggle('ceagesp')\">Centro de Distribui\u00e7\u00e3o CEAGESP<\/h3>\n            <div id=\"ceagesp\" class=\"item-content\">\n                <p><strong>Endere\u00e7o:<\/strong> Avenida Doutor Gast\u00e3o Vidigal, 1946<\/p>\n                <p><strong>Telefone:<\/strong> (11) 3643-3700<\/p>\n            <\/div>\n        <\/div>\n        <div class=\"item\">\n            <h3 onclick=\"toggle('sesi')\">Centro Educacional SESI Vila Leopoldina<\/h3>\n            <div id=\"sesi\" class=\"item-content\">\n                <p><strong>Endere\u00e7o:<\/strong> Rua Carlos Weber, 835<\/p>\n                <p><strong>Telefone:<\/strong> (11) 3834-1300<\/p>\n            <\/div>\n        <\/div>\n        <div class=\"item\">\n            <h3 onclick=\"toggle('cras')\">Centro de Refer\u00eancia de Assist\u00eancia Social (CRAS) Vila Leopoldina<\/h3>\n            <div id=\"cras\" class=\"item-content\">\n                <p><strong>Endere\u00e7o:<\/strong> Rua Passo da P\u00e1tria, 1677<\/p>\n                <p><strong>Telefone:<\/strong> (11) 3641-3853<\/p>\n            <\/div>\n        <\/div>\n        <div class=\"item\">\n            <h3 onclick=\"toggle('cet')\">Companhia de Engenharia de Tr\u00e1fego (CET)<\/h3>\n            <div id=\"cet\" class=\"item-content\">\n                <p><strong>Endere\u00e7o:<\/strong> Rua da Consola\u00e7\u00e3o, 1212<\/p>\n                <p><strong>Telefone:<\/strong> 1188 (Emerg\u00eancias de Tr\u00e2nsito)<\/p>\n            <\/div>\n        <\/div>\n        <div class=\"item\">\n            <h3 onclick=\"toggle('correios')\">Correios \u2013 Ag\u00eancia Vila Leopoldina<\/h3>\n            <div id=\"correios\" class=\"item-content\">\n                <p><strong>Endere\u00e7o:<\/strong> Rua Mergenthaler, 593<\/p>\n                <p><strong>Telefone:<\/strong> (11) 3641-3700<\/p>\n            <\/div>\n        <\/div>\n        <div class=\"item\">\n            <h3 onclick=\"toggle('defesa_civil')\">Defesa Civil Regional Lapa<\/h3>\n            <div id=\"defesa_civil\" class=\"item-content\">\n                <p><strong>Endere\u00e7o:<\/strong> Rua Guaicurus, 1000<\/p>\n                <p><strong>Telefone:<\/strong> (11) 3396-7525<\/p>\n            <\/div>\n        <\/div>\n        <div class=\"item\">\n            <h3 onclick=\"toggle('delegacia')\">Delegacia de Pol\u00edcia Civil (91\u00ba DP)<\/h3>\n            <div id=\"delegacia\" class=\"item-content\">\n                <p><strong>Endere\u00e7o:<\/strong> Rua Alian\u00e7a Liberal, 182<\/p>\n                <p><strong>Telefone:<\/strong> (11) 3645-2388<\/p>\n            <\/div>\n        <\/div>\n        <div class=\"item\">\n            <h3 onclick=\"toggle('ecoponto')\">Ecoponto Vila Leopoldina<\/h3>\n            <div id=\"ecoponto\" class=\"item-content\">\n                <p><strong>Endere\u00e7o:<\/strong> Rua Mofarrej, 1160<\/p>\n                <p><strong>Telefone:<\/strong> (11) 3397-0173<\/p>\n            <\/div>\n        <\/div>\n        <div class=\"item\">\n            <h3 onclick=\"toggle('ceasa')\">Esta\u00e7\u00e3o de Trem Ceasa (Linha 9 \u2013 Esmeralda)<\/h3>\n            <div id=\"ceasa\" class=\"item-content\">\n                <p><strong>Endere\u00e7o:<\/strong> Avenida Doutor Gast\u00e3o Vidigal, 1500<\/p>\n                <p><strong>Telefone:<\/strong> 0800 055 0121 (CPTM)<\/p>\n            <\/div>\n        <\/div>\n        <div class=\"item\">\n            <h3 onclick=\"toggle('imperatriz')\">Esta\u00e7\u00e3o de Trem Imperatriz Leopoldina (Linha 8 \u2013 Diamante)<\/h3>\n            <div id=\"imperatriz\" class=\"item-content\">\n                <p><strong>Endere\u00e7o:<\/strong> Rua Major Paladino, s\/n<\/p>\n                <p><strong>Telefone:<\/strong> 0800 055 0121 (CPTM)<\/p>\n            <\/div>\n        <\/div>\n        <div class=\"item\">\n            <h3 onclick=\"toggle('sorocabana')\">Hospital Sorocabana<\/h3>\n            <div id=\"sorocabana\" class=\"item-content\">\n                <p><strong>Endere\u00e7o:<\/strong> Rua Faustolo, 1500<\/p>\n                <p><strong>Telefone:<\/strong> (11) 3396-7500<\/p>\n            <\/div>\n        <\/div>\n        <div class=\"item\">\n            <h3 onclick=\"toggle('villalobos')\">Parque Villa-Lobos<\/h3>\n            <div id=\"villalobos\" class=\"item-content\">\n                <p><strong>Endere\u00e7o:<\/strong> Avenida Professor Fonseca Rodrigues, 2001<\/p>\n                <p><strong>Telefone:<\/strong> (11) 2683-6302<\/p>\n            <\/div>\n        <\/div>\n        <div class=\"item\">\n            <h3 onclick=\"toggle('pol\u00edcia_militar')\">Pol\u00edcia Militar<\/h3>\n            <div id=\"pol\u00edcia_militar\" class=\"item-content\">\n                <p><strong>Endere\u00e7o:<\/strong> Rua Hassib Mofarrej, 1200<\/p>\n                <p><strong>Telefone:<\/strong> (11) 3831-2222<\/p>\n            <\/div>\n        <\/div>\n        <div class=\"item\">\n            <h3 onclick=\"toggle('pronto_socorro')\">Pronto-Socorro Municipal da Lapa<\/h3>\n            <div id=\"pronto_socorro\" class=\"item-content\">\n                <p><strong>Endere\u00e7o:<\/strong> Rua Cat\u00e3o, 72<\/p>\n                <p><strong>Telefone:<\/strong> (11) 3397-8200<\/p>\n            <\/div>\n        <\/div>\n        <div class=\"item\">\n            <h3 onclick=\"toggle('samu')\">SAMU (Servi\u00e7o de Atendimento M\u00f3vel de Urg\u00eancia)<\/h3>\n            <div id=\"samu\" class=\"item-content\">\n                <p><strong>Telefone:<\/strong> 192<\/p>\n            <\/div>\n        <\/div>\n        <div class=\"item\">\n            <h3 onclick=\"toggle('subprefeitura')\">Subprefeitura da Lapa<\/h3>\n            <div id=\"subprefeitura\" class=\"item-content\">\n                <p><strong>Endere\u00e7o:<\/strong> Rua Guaicurus, 1.000<\/p>\n                <p><strong>Telefone:<\/strong> (11) 3396-7500<\/p>\n            <\/div>\n        <\/div>\n        <div class=\"item\">\n            <h3 onclick=\"toggle('ubs')\">Unidade B\u00e1sica de Sa\u00fade (UBS) Vila Leopoldina<\/h3>\n            <div id=\"ubs\" class=\"item-content\">\n                <p><strong>Endere\u00e7o:<\/strong> Rua Schilling, 61<\/p>\n                <p><strong>Telefone:<\/strong> (11) 3641-1613<\/p>\n            <\/div>\n        <\/div>\n    <\/div>\n\n    <script>\n        function toggle(id) {\n            var content = document.getElementById(id);\n            if (content.style.display === \"block\") {\n                content.style.display = \"none\";\n            } else {\n                content.style.display = \"block\";\n            }\n        }\n    <\/script>\n<\/body>\n<\/html>\n\n\n","protected":false},"excerpt":{"rendered":"<p>Servi\u00e7os P\u00fablicos e Utilidades na Vila Leopoldina Centro de Aten\u00e7\u00e3o Psicossocial (CAPS) \u00c1lcool e Drogas<\/p>\n","protected":false},"author":1,"featured_media":0,"parent":0,"menu_order":0,"comment_status":"closed","ping_status":"closed","template":"","meta":{"footnotes":""},"class_list":["post-1823","page","type-page","status-publish","hentry"],"aioseo_notices":[],"_links":{"self":[{"href":"https:\/\/observatorioleopoldina.com.br\/home\/wp-json\/wp\/v2\/pages\/1823","targetHints":{"allow":["GET"]}}],"collection":[{"href":"https:\/\/observatorioleopoldina.com.br\/home\/wp-json\/wp\/v2\/pages"}],"about":[{"href":"https:\/\/observatorioleopoldina.com.br\/home\/wp-json\/wp\/v2\/types\/page"}],"author":[{"embeddable":true,"href":"https:\/\/observatorioleopoldina.com.br\/home\/wp-json\/wp\/v2\/users\/1"}],"replies":[{"embeddable":true,"href":"https:\/\/observatorioleopoldina.com.br\/home\/wp-json\/wp\/v2\/comments?post=1823"}],"version-history":[{"count":8,"href":"https:\/\/observatorioleopoldina.com.br\/home\/wp-json\/wp\/v2\/pages\/1823\/revisions"}],"predecessor-version":[{"id":1834,"href":"https:\/\/observatorioleopoldina.com.br\/home\/wp-json\/wp\/v2\/pages\/1823\/revisions\/1834"}],"wp:attachment":[{"href":"https:\/\/observatorioleopoldina.com.br\/home\/wp-json\/wp\/v2\/media?parent=1823"}],"curies":[{"name":"wp","href":"https:\/\/api.w.org\/{rel}","templated":true}]}}